{"id":171,"date":"2016-10-30T12:40:41","date_gmt":"2016-10-30T11:40:41","guid":{"rendered":"https:\/\/oceanwp.org\/travel\/?page_id=171"},"modified":"2023-11-16T17:44:32","modified_gmt":"2023-11-16T16:44:32","slug":"aventures","status":"publish","type":"page","link":"https:\/\/www.tonix.fr\/","title":{"rendered":"Accueil"},"content":{"rendered":"\t\t<div data-elementor-type=\"wp-page\" data-elementor-id=\"171\" class=\"elementor elementor-171\">\n\t\t\t\t\t\t<section class=\"elementor-section elementor-top-section elementor-element elementor-element-4ge6s4v elementor-section-boxed elementor-section-height-default elementor-section-height-default\" data-id=\"4ge6s4v\" data-element_type=\"section\">\n\t\t\t\t\t\t<div class=\"elementor-container elementor-column-gap-default\">\n\t\t\t\t\t<div class=\"elementor-column elementor-col-100 elementor-top-column elementor-element elementor-element-iasjf5y\" data-id=\"iasjf5y\" data-element_type=\"column\">\n\t\t\t<div class=\"elementor-widget-wrap elementor-element-populated\">\n\t\t\t\t\t\t<div class=\"elementor-element elementor-element-8ftrxvg elementor-widget elementor-widget-heading\" data-id=\"8ftrxvg\" data-element_type=\"widget\" data-widget_type=\"heading.default\">\n\t\t\t\t<div class=\"elementor-widget-container\">\n\t\t\t\t\t<h2 class=\"elementor-heading-title elementor-size-default\">Choisis ton aventure !<\/h2>\t\t\t\t<\/div>\n\t\t\t\t<\/div>\n\t\t\t\t<div class=\"elementor-element elementor-element-109e6cb elementor-widget-divider--view-line elementor-widget elementor-widget-divider\" data-id=\"109e6cb\" data-element_type=\"widget\" data-widget_type=\"divider.default\">\n\t\t\t\t<div class=\"elementor-widget-container\">\n\t\t\t\t\t\t\t<div class=\"elementor-divider\">\n\t\t\t<span class=\"elementor-divider-separator\">\n\t\t\t\t\t\t<\/span>\n\t\t<\/div>\n\t\t\t\t\t\t<\/div>\n\t\t\t\t<\/div>\n\t\t\t\t\t<\/div>\n\t\t<\/div>\n\t\t\t\t\t<\/div>\n\t\t<\/section>\n\t\t\t\t<section class=\"elementor-section elementor-top-section elementor-element elementor-element-khuimsb elementor-section-boxed elementor-section-height-default elementor-section-height-default\" data-id=\"khuimsb\" data-element_type=\"section\">\n\t\t\t\t\t\t<div class=\"elementor-container elementor-column-gap-wide\">\n\t\t\t\t\t<div class=\"elementor-column elementor-col-33 elementor-top-column elementor-element elementor-element-204a7d3\" data-id=\"204a7d3\" data-element_type=\"column\">\n\t\t\t<div class=\"elementor-widget-wrap elementor-element-populated\">\n\t\t\t\t\t\t<div class=\"elementor-element elementor-element-26eb2b1 elementor-button-success elementor-align-center elementor-widget elementor-widget-button\" data-id=\"26eb2b1\" data-element_type=\"widget\" data-widget_type=\"button.default\">\n\t\t\t\t<div class=\"elementor-widget-container\">\n\t\t\t\t\t\t\t\t\t<div class=\"elementor-button-wrapper\">\n\t\t\t\t\t<a class=\"elementor-button elementor-button-link elementor-size-sm\" href=\"index.php\/2020\/04\/25\/tonix-en-mode-mike-horn\/\">\n\t\t\t\t\t\t<span class=\"elementor-button-content-wrapper\">\n\t\t\t\t\t\t\t\t\t<span class=\"elementor-button-text\">Mode mini mike Horn : Latitude 45<\/span>\n\t\t\t\t\t<\/span>\n\t\t\t\t\t<\/a>\n\t\t\t\t<\/div>\n\t\t\t\t\t\t\t\t<\/div>\n\t\t\t\t<\/div>\n\t\t\t\t<div class=\"elementor-element elementor-element-9e84457 elementor-widget elementor-widget-image\" data-id=\"9e84457\" data-element_type=\"widget\" data-widget_type=\"image.default\">\n\t\t\t\t<div class=\"elementor-widget-container\">\n\t\t\t\t\t\t\t\t\t\t\t\t\t\t\t\t<a href=\"index.php\/2020\/04\/25\/tonix-en-mode-mike-horn\/\">\n\t\t\t\t\t\t\t<img fetchpriority=\"high\" decoding=\"async\" width=\"1024\" height=\"575\" src=\"https:\/\/www.tonix.fr\/wp-content\/uploads\/2020\/04\/For\u00eat-1024x575.jpg\" class=\"elementor-animation-grow attachment-large size-large wp-image-673\" alt=\"\" srcset=\"https:\/\/www.tonix.fr\/wp-content\/uploads\/2020\/04\/For\u00eat-1024x575.jpg 1024w, https:\/\/www.tonix.fr\/wp-content\/uploads\/2020\/04\/For\u00eat-300x169.jpg 300w, https:\/\/www.tonix.fr\/wp-content\/uploads\/2020\/04\/For\u00eat-768x431.jpg 768w, https:\/\/www.tonix.fr\/wp-content\/uploads\/2020\/04\/For\u00eat-1536x863.jpg 1536w, https:\/\/www.tonix.fr\/wp-content\/uploads\/2020\/04\/For\u00eat-2048x1150.jpg 2048w\" sizes=\"(max-width: 1024px) 100vw, 1024px\" \/>\t\t\t\t\t\t\t\t<\/a>\n\t\t\t\t\t\t\t\t\t\t\t\t\t\t\t<\/div>\n\t\t\t\t<\/div>\n\t\t\t\t\t<\/div>\n\t\t<\/div>\n\t\t\t\t<div class=\"elementor-column elementor-col-33 elementor-top-column elementor-element elementor-element-0ffbb53\" data-id=\"0ffbb53\" data-element_type=\"column\">\n\t\t\t<div class=\"elementor-widget-wrap elementor-element-populated\">\n\t\t\t\t\t\t<div class=\"elementor-element elementor-element-19833ea elementor-button-success elementor-align-center elementor-widget elementor-widget-button\" data-id=\"19833ea\" data-element_type=\"widget\" data-widget_type=\"button.default\">\n\t\t\t\t<div class=\"elementor-widget-container\">\n\t\t\t\t\t\t\t\t\t<div class=\"elementor-button-wrapper\">\n\t\t\t\t\t<a class=\"elementor-button elementor-button-link elementor-size-sm\" href=\"http:\/\/www.tonix.fr\/index.php\/2020\/04\/26\/ski-montgenevre\/\">\n\t\t\t\t\t\t<span class=\"elementor-button-content-wrapper\">\n\t\t\t\t\t\t\t\t\t<span class=\"elementor-button-text\">Snow \/ Ski \u00e0 Montgen\u00e9vre <\/span>\n\t\t\t\t\t<\/span>\n\t\t\t\t\t<\/a>\n\t\t\t\t<\/div>\n\t\t\t\t\t\t\t\t<\/div>\n\t\t\t\t<\/div>\n\t\t\t\t<div class=\"elementor-element elementor-element-d778bed elementor-widget elementor-widget-image\" data-id=\"d778bed\" data-element_type=\"widget\" data-widget_type=\"image.default\">\n\t\t\t\t<div class=\"elementor-widget-container\">\n\t\t\t\t\t\t\t\t\t\t\t\t\t\t\t\t<a href=\"http:\/\/www.tonix.fr\/index.php\/2020\/04\/26\/ski-montgenevre\/\">\n\t\t\t\t\t\t\t<img decoding=\"async\" width=\"2560\" height=\"1438\" src=\"https:\/\/www.tonix.fr\/wp-content\/uploads\/2020\/04\/2020-04-25_18-12-04_467-scaled.jpg\" class=\"elementor-animation-grow attachment-full size-full wp-image-391\" alt=\"\" srcset=\"https:\/\/www.tonix.fr\/wp-content\/uploads\/2020\/04\/2020-04-25_18-12-04_467-scaled.jpg 2560w, https:\/\/www.tonix.fr\/wp-content\/uploads\/2020\/04\/2020-04-25_18-12-04_467-300x168.jpg 300w, https:\/\/www.tonix.fr\/wp-content\/uploads\/2020\/04\/2020-04-25_18-12-04_467-1024x575.jpg 1024w, https:\/\/www.tonix.fr\/wp-content\/uploads\/2020\/04\/2020-04-25_18-12-04_467-768x431.jpg 768w, https:\/\/www.tonix.fr\/wp-content\/uploads\/2020\/04\/2020-04-25_18-12-04_467-1536x863.jpg 1536w, https:\/\/www.tonix.fr\/wp-content\/uploads\/2020\/04\/2020-04-25_18-12-04_467-2048x1150.jpg 2048w\" sizes=\"(max-width: 2560px) 100vw, 2560px\" \/>\t\t\t\t\t\t\t\t<\/a>\n\t\t\t\t\t\t\t\t\t\t\t\t\t\t\t<\/div>\n\t\t\t\t<\/div>\n\t\t\t\t\t<\/div>\n\t\t<\/div>\n\t\t\t\t<div class=\"elementor-column elementor-col-33 elementor-top-column elementor-element elementor-element-7872441\" data-id=\"7872441\" data-element_type=\"column\">\n\t\t\t<div class=\"elementor-widget-wrap elementor-element-populated\">\n\t\t\t\t\t\t<div class=\"elementor-element elementor-element-29d4f5b elementor-button-success elementor-align-center elementor-widget elementor-widget-button\" data-id=\"29d4f5b\" data-element_type=\"widget\" data-widget_type=\"button.default\">\n\t\t\t\t<div class=\"elementor-widget-container\">\n\t\t\t\t\t\t\t\t\t<div class=\"elementor-button-wrapper\">\n\t\t\t\t\t<a class=\"elementor-button elementor-button-link elementor-size-sm\" href=\"http:\/\/www.tonix.fr\/index.php\/2017\/12\/28\/guadeloupe\/\">\n\t\t\t\t\t\t<span class=\"elementor-button-content-wrapper\">\n\t\t\t\t\t\t\t\t\t<span class=\"elementor-button-text\">La Guadeloupe<\/span>\n\t\t\t\t\t<\/span>\n\t\t\t\t\t<\/a>\n\t\t\t\t<\/div>\n\t\t\t\t\t\t\t\t<\/div>\n\t\t\t\t<\/div>\n\t\t\t\t<div class=\"elementor-element elementor-element-73e4ad7 elementor-widget elementor-widget-image\" data-id=\"73e4ad7\" data-element_type=\"widget\" data-widget_type=\"image.default\">\n\t\t\t\t<div class=\"elementor-widget-container\">\n\t\t\t\t\t\t\t\t\t\t\t\t\t\t\t\t<a href=\"http:\/\/www.tonix.fr\/index.php\/2017\/12\/28\/guadeloupe\/\">\n\t\t\t\t\t\t\t<img decoding=\"async\" width=\"768\" height=\"431\" src=\"https:\/\/www.tonix.fr\/wp-content\/uploads\/2020\/04\/guadeloupe-landscape-1800-768x431.jpg\" class=\"elementor-animation-grow attachment-medium_large size-medium_large wp-image-735\" alt=\"\" srcset=\"https:\/\/www.tonix.fr\/wp-content\/uploads\/2020\/04\/guadeloupe-landscape-1800-768x431.jpg 768w, https:\/\/www.tonix.fr\/wp-content\/uploads\/2020\/04\/guadeloupe-landscape-1800-300x169.jpg 300w, https:\/\/www.tonix.fr\/wp-content\/uploads\/2020\/04\/guadeloupe-landscape-1800-1024x575.jpg 1024w, https:\/\/www.tonix.fr\/wp-content\/uploads\/2020\/04\/guadeloupe-landscape-1800-1536x863.jpg 1536w, https:\/\/www.tonix.fr\/wp-content\/uploads\/2020\/04\/guadeloupe-landscape-1800-2048x1150.jpg 2048w\" sizes=\"(max-width: 768px) 100vw, 768px\" \/>\t\t\t\t\t\t\t\t<\/a>\n\t\t\t\t\t\t\t\t\t\t\t\t\t\t\t<\/div>\n\t\t\t\t<\/div>\n\t\t\t\t\t<\/div>\n\t\t<\/div>\n\t\t\t\t\t<\/div>\n\t\t<\/section>\n\t\t\t\t<section class=\"elementor-section elementor-top-section elementor-element elementor-element-03a41c0 elementor-section-boxed elementor-section-height-default elementor-section-height-default\" data-id=\"03a41c0\" data-element_type=\"section\">\n\t\t\t\t\t\t<div class=\"elementor-container elementor-column-gap-wide\">\n\t\t\t\t\t<div class=\"elementor-column elementor-col-33 elementor-top-column elementor-element elementor-element-f905190\" data-id=\"f905190\" data-element_type=\"column\">\n\t\t\t<div class=\"elementor-widget-wrap elementor-element-populated\">\n\t\t\t\t\t\t<div class=\"elementor-element elementor-element-586e01f elementor-button-success elementor-align-center elementor-widget elementor-widget-button\" data-id=\"586e01f\" data-element_type=\"widget\" data-widget_type=\"button.default\">\n\t\t\t\t<div class=\"elementor-widget-container\">\n\t\t\t\t\t\t\t\t\t<div class=\"elementor-button-wrapper\">\n\t\t\t\t\t<a class=\"elementor-button elementor-button-link elementor-size-sm\" href=\"http:\/\/www.tonix.fr\/index.php\/2020\/04\/30\/snow-scoot\/\">\n\t\t\t\t\t\t<span class=\"elementor-button-content-wrapper\">\n\t\t\t\t\t\t\t\t\t<span class=\"elementor-button-text\">Snow-Scout \u00e0 Superbagn\u00e8re<\/span>\n\t\t\t\t\t<\/span>\n\t\t\t\t\t<\/a>\n\t\t\t\t<\/div>\n\t\t\t\t\t\t\t\t<\/div>\n\t\t\t\t<\/div>\n\t\t\t\t<div class=\"elementor-element elementor-element-89e2bae elementor-widget elementor-widget-image\" data-id=\"89e2bae\" data-element_type=\"widget\" data-widget_type=\"image.default\">\n\t\t\t\t<div class=\"elementor-widget-container\">\n\t\t\t\t\t\t\t\t\t\t\t\t\t\t\t\t<a href=\"http:\/\/www.tonix.fr\/index.php\/2020\/04\/30\/snow-scoot\/\">\n\t\t\t\t\t\t\t<img loading=\"lazy\" decoding=\"async\" width=\"1024\" height=\"578\" src=\"https:\/\/www.tonix.fr\/wp-content\/uploads\/2020\/04\/Snow-scoot-1024x578.jpg\" class=\"elementor-animation-grow attachment-large size-large wp-image-675\" alt=\"\" srcset=\"https:\/\/www.tonix.fr\/wp-content\/uploads\/2020\/04\/Snow-scoot-1024x578.jpg 1024w, https:\/\/www.tonix.fr\/wp-content\/uploads\/2020\/04\/Snow-scoot-300x169.jpg 300w, https:\/\/www.tonix.fr\/wp-content\/uploads\/2020\/04\/Snow-scoot-768x434.jpg 768w, https:\/\/www.tonix.fr\/wp-content\/uploads\/2020\/04\/Snow-scoot-1536x867.jpg 1536w, https:\/\/www.tonix.fr\/wp-content\/uploads\/2020\/04\/Snow-scoot-2048x1156.jpg 2048w\" sizes=\"(max-width: 1024px) 100vw, 1024px\" \/>\t\t\t\t\t\t\t\t<\/a>\n\t\t\t\t\t\t\t\t\t\t\t\t\t\t\t<\/div>\n\t\t\t\t<\/div>\n\t\t\t\t\t<\/div>\n\t\t<\/div>\n\t\t\t\t<div class=\"elementor-column elementor-col-33 elementor-top-column elementor-element elementor-element-825e6db\" data-id=\"825e6db\" data-element_type=\"column\">\n\t\t\t<div class=\"elementor-widget-wrap elementor-element-populated\">\n\t\t\t\t\t\t<div class=\"elementor-element elementor-element-79ad1ed elementor-button-success elementor-align-center elementor-widget elementor-widget-button\" data-id=\"79ad1ed\" data-element_type=\"widget\" data-widget_type=\"button.default\">\n\t\t\t\t<div class=\"elementor-widget-container\">\n\t\t\t\t\t\t\t\t\t<div class=\"elementor-button-wrapper\">\n\t\t\t\t\t<a class=\"elementor-button elementor-button-link elementor-size-sm\" href=\"http:\/\/www.tonix.fr\/index.php\/2020\/04\/30\/kite-surf\/\">\n\t\t\t\t\t\t<span class=\"elementor-button-content-wrapper\">\n\t\t\t\t\t\t\t\t\t<span class=\"elementor-button-text\">Exp\u00e9rience Kite-Surf <\/span>\n\t\t\t\t\t<\/span>\n\t\t\t\t\t<\/a>\n\t\t\t\t<\/div>\n\t\t\t\t\t\t\t\t<\/div>\n\t\t\t\t<\/div>\n\t\t\t\t<div class=\"elementor-element elementor-element-4a7fa08 elementor-widget elementor-widget-image\" data-id=\"4a7fa08\" data-element_type=\"widget\" data-widget_type=\"image.default\">\n\t\t\t\t<div class=\"elementor-widget-container\">\n\t\t\t\t\t\t\t\t\t\t\t\t\t\t\t\t<a href=\"http:\/\/www.tonix.fr\/index.php\/2020\/04\/30\/kite-surf\/\">\n\t\t\t\t\t\t\t<img loading=\"lazy\" decoding=\"async\" width=\"2560\" height=\"1438\" src=\"https:\/\/www.tonix.fr\/wp-content\/uploads\/2020\/04\/a8daa3e8c0f9a2e5dee09dba442629ac-scaled.jpg\" class=\"elementor-animation-grow attachment-full size-full wp-image-393\" alt=\"\" srcset=\"https:\/\/www.tonix.fr\/wp-content\/uploads\/2020\/04\/a8daa3e8c0f9a2e5dee09dba442629ac-scaled.jpg 2560w, https:\/\/www.tonix.fr\/wp-content\/uploads\/2020\/04\/a8daa3e8c0f9a2e5dee09dba442629ac-300x169.jpg 300w, https:\/\/www.tonix.fr\/wp-content\/uploads\/2020\/04\/a8daa3e8c0f9a2e5dee09dba442629ac-1024x575.jpg 1024w, https:\/\/www.tonix.fr\/wp-content\/uploads\/2020\/04\/a8daa3e8c0f9a2e5dee09dba442629ac-768x431.jpg 768w, https:\/\/www.tonix.fr\/wp-content\/uploads\/2020\/04\/a8daa3e8c0f9a2e5dee09dba442629ac-1536x863.jpg 1536w, https:\/\/www.tonix.fr\/wp-content\/uploads\/2020\/04\/a8daa3e8c0f9a2e5dee09dba442629ac-2048x1150.jpg 2048w\" sizes=\"(max-width: 2560px) 100vw, 2560px\" \/>\t\t\t\t\t\t\t\t<\/a>\n\t\t\t\t\t\t\t\t\t\t\t\t\t\t\t<\/div>\n\t\t\t\t<\/div>\n\t\t\t\t\t<\/div>\n\t\t<\/div>\n\t\t\t\t<div class=\"elementor-column elementor-col-33 elementor-top-column elementor-element elementor-element-e05cef8\" data-id=\"e05cef8\" data-element_type=\"column\">\n\t\t\t<div class=\"elementor-widget-wrap elementor-element-populated\">\n\t\t\t\t\t\t<div class=\"elementor-element elementor-element-82c56df elementor-button-success elementor-align-center elementor-widget elementor-widget-button\" data-id=\"82c56df\" data-element_type=\"widget\" data-widget_type=\"button.default\">\n\t\t\t\t<div class=\"elementor-widget-container\">\n\t\t\t\t\t\t\t\t\t<div class=\"elementor-button-wrapper\">\n\t\t\t\t\t<a class=\"elementor-button elementor-size-sm\" role=\"button\">\n\t\t\t\t\t\t<span class=\"elementor-button-content-wrapper\">\n\t\t\t\t\t\t\t\t\t<span class=\"elementor-button-text\">M\u00e9diterran\u00e9e en Voilier (\u00e0 venir)<\/span>\n\t\t\t\t\t<\/span>\n\t\t\t\t\t<\/a>\n\t\t\t\t<\/div>\n\t\t\t\t\t\t\t\t<\/div>\n\t\t\t\t<\/div>\n\t\t\t\t<div class=\"elementor-element elementor-element-c93cfd5 elementor-widget elementor-widget-image\" data-id=\"c93cfd5\" data-element_type=\"widget\" data-widget_type=\"image.default\">\n\t\t\t\t<div class=\"elementor-widget-container\">\n\t\t\t\t\t\t\t\t\t\t\t\t\t\t\t<img loading=\"lazy\" decoding=\"async\" width=\"2560\" height=\"1438\" src=\"https:\/\/www.tonix.fr\/wp-content\/uploads\/2020\/04\/voilier-scaled.jpg\" class=\"elementor-animation-grow attachment-full size-full wp-image-678\" alt=\"\" srcset=\"https:\/\/www.tonix.fr\/wp-content\/uploads\/2020\/04\/voilier-scaled.jpg 2560w, https:\/\/www.tonix.fr\/wp-content\/uploads\/2020\/04\/voilier-300x169.jpg 300w, https:\/\/www.tonix.fr\/wp-content\/uploads\/2020\/04\/voilier-1024x575.jpg 1024w, https:\/\/www.tonix.fr\/wp-content\/uploads\/2020\/04\/voilier-768x431.jpg 768w, https:\/\/www.tonix.fr\/wp-content\/uploads\/2020\/04\/voilier-1536x863.jpg 1536w, https:\/\/www.tonix.fr\/wp-content\/uploads\/2020\/04\/voilier-2048x1150.jpg 2048w\" sizes=\"(max-width: 2560px) 100vw, 2560px\" \/>\t\t\t\t\t\t\t\t\t\t\t\t\t\t\t<\/div>\n\t\t\t\t<\/div>\n\t\t\t\t\t<\/div>\n\t\t<\/div>\n\t\t\t\t\t<\/div>\n\t\t<\/section>\n\t\t\t\t<section class=\"elementor-section elementor-top-section elementor-element elementor-element-60e3w3i elementor-section-full_width elementor-section-stretched elementor-section-height-default elementor-section-height-default\" data-id=\"60e3w3i\" data-element_type=\"section\" data-settings=\"{&quot;stretch_section&quot;:&quot;section-stretched&quot;}\">\n\t\t\t\t\t\t<div class=\"elementor-container elementor-column-gap-default\">\n\t\t\t\t\t<div class=\"elementor-column elementor-col-100 elementor-top-column elementor-element elementor-element-9b1g2rt\" data-id=\"9b1g2rt\" data-element_type=\"column\" data-settings=\"{&quot;background_background&quot;:&quot;classic&quot;}\">\n\t\t\t<div class=\"elementor-widget-wrap elementor-element-populated\">\n\t\t\t\t\t\t<div class=\"elementor-element elementor-element-tzdl3u2 elementor-align-center full-btn elementor-widget elementor-widget-button\" data-id=\"tzdl3u2\" data-element_type=\"widget\" data-widget_type=\"button.default\">\n\t\t\t\t<div class=\"elementor-widget-container\">\n\t\t\t\t\t\t\t\t\t<div class=\"elementor-button-wrapper\">\n\t\t\t\t\t<a class=\"elementor-button elementor-button-link elementor-size-xl\" href=\"\/index.php\/les-projets\/\">\n\t\t\t\t\t\t<span class=\"elementor-button-content-wrapper\">\n\t\t\t\t\t\t\t\t\t<span class=\"elementor-button-text\">Cliquez ici pour voter pour notre prochaine aventure  ><\/span>\n\t\t\t\t\t<\/span>\n\t\t\t\t\t<\/a>\n\t\t\t\t<\/div>\n\t\t\t\t\t\t\t\t<\/div>\n\t\t\t\t<\/div>\n\t\t\t\t\t<\/div>\n\t\t<\/div>\n\t\t\t\t\t<\/div>\n\t\t<\/section>\n\t\t\t\t<\/div>\n\t\t","protected":false},"excerpt":{"rendered":"<p>Choisis ton aventure ! Mode mini mike Horn : Latitude 45 Snow \/ Ski \u00e0 Montgen\u00e9vre La Guadeloupe Snow-Scout \u00e0 Superbagn\u00e8re Exp\u00e9rience Kite-Surf M\u00e9diterran\u00e9e en Voilier (\u00e0 venir) Cliquez ici pour voter pour notre prochaine aventure ><\/p>\n","protected":false},"author":1,"featured_media":0,"parent":0,"menu_order":0,"comment_status":"closed","ping_status":"closed","template":"","meta":{"ocean_post_layout":"full-width","ocean_both_sidebars_style":"","ocean_both_sidebars_content_width":0,"ocean_both_sidebars_sidebars_width":0,"ocean_sidebar":"","ocean_second_sidebar":"0","ocean_disable_margins":"on","ocean_add_body_class":"","ocean_shortcode_before_top_bar":"","ocean_shortcode_after_top_bar":"","ocean_shortcode_before_header":"","ocean_shortcode_after_header":"","ocean_has_shortcode":"","ocean_shortcode_after_title":"","ocean_shortcode_before_footer_widgets":"","ocean_shortcode_after_footer_widgets":"","ocean_shortcode_before_footer_bottom":"","ocean_shortcode_after_footer_bottom":"","ocean_display_top_bar":"default","ocean_display_header":"default","ocean_header_style":"","ocean_center_header_left_menu":"0","ocean_custom_header_template":"0","ocean_custom_logo":0,"ocean_custom_retina_logo":0,"ocean_custom_logo_max_width":0,"ocean_custom_logo_tablet_max_width":0,"ocean_custom_logo_mobile_max_width":0,"ocean_custom_logo_max_height":0,"ocean_custom_logo_tablet_max_height":0,"ocean_custom_logo_mobile_max_height":0,"ocean_header_custom_menu":"0","ocean_menu_typo_font_family":"0","ocean_menu_typo_font_subset":"","ocean_menu_typo_font_size":0,"ocean_menu_typo_font_size_tablet":0,"ocean_menu_typo_font_size_mobile":0,"ocean_menu_typo_font_size_unit":"px","ocean_menu_typo_font_weight":"","ocean_menu_typo_font_weight_tablet":"","ocean_menu_typo_font_weight_mobile":"","ocean_menu_typo_transform":"","ocean_menu_typo_transform_tablet":"","ocean_menu_typo_transform_mobile":"","ocean_menu_typo_line_height":0,"ocean_menu_typo_line_height_tablet":0,"ocean_menu_typo_line_height_mobile":0,"ocean_menu_typo_line_height_unit":"","ocean_menu_typo_spacing":0,"ocean_menu_typo_spacing_tablet":0,"ocean_menu_typo_spacing_mobile":0,"ocean_menu_typo_spacing_unit":"","ocean_menu_link_color":"","ocean_menu_link_color_hover":"","ocean_menu_link_color_active":"","ocean_menu_link_background":"","ocean_menu_link_hover_background":"","ocean_menu_link_active_background":"","ocean_menu_social_links_bg":"","ocean_menu_social_hover_links_bg":"","ocean_menu_social_links_color":"","ocean_menu_social_hover_links_color":"","ocean_disable_title":"on","ocean_disable_heading":"default","ocean_post_title":"","ocean_post_subheading":"","ocean_post_title_style":"","ocean_post_title_background_color":"","ocean_post_title_background":0,"ocean_post_title_bg_image_position":"","ocean_post_title_bg_image_attachment":"","ocean_post_title_bg_image_repeat":"","ocean_post_title_bg_image_size":"","ocean_post_title_height":0,"ocean_post_title_bg_overlay":0.5,"ocean_post_title_bg_overlay_color":"","ocean_disable_breadcrumbs":"default","ocean_breadcrumbs_color":"","ocean_breadcrumbs_separator_color":"","ocean_breadcrumbs_links_color":"","ocean_breadcrumbs_links_hover_color":"","ocean_display_footer_widgets":"default","ocean_display_footer_bottom":"default","ocean_custom_footer_template":"0","footnotes":""},"_links":{"self":[{"href":"https:\/\/www.tonix.fr\/index.php\/wp-json\/wp\/v2\/pages\/171"}],"collection":[{"href":"https:\/\/www.tonix.fr\/index.php\/wp-json\/wp\/v2\/pages"}],"about":[{"href":"https:\/\/www.tonix.fr\/index.php\/wp-json\/wp\/v2\/types\/page"}],"author":[{"embeddable":true,"href":"https:\/\/www.tonix.fr\/index.php\/wp-json\/wp\/v2\/users\/1"}],"replies":[{"embeddable":true,"href":"https:\/\/www.tonix.fr\/index.php\/wp-json\/wp\/v2\/comments?post=171"}],"version-history":[{"count":114,"href":"https:\/\/www.tonix.fr\/index.php\/wp-json\/wp\/v2\/pages\/171\/revisions"}],"predecessor-version":[{"id":1170,"href":"https:\/\/www.tonix.fr\/index.php\/wp-json\/wp\/v2\/pages\/171\/revisions\/1170"}],"wp:attachment":[{"href":"https:\/\/www.tonix.fr\/index.php\/wp-json\/wp\/v2\/media?parent=171"}],"curies":[{"name":"wp","href":"https:\/\/api.w.org\/{rel}","templated":true}]}}